{"id":1569,"date":"2023-01-23T11:27:37","date_gmt":"2023-01-23T09:27:37","guid":{"rendered":"https:\/\/www.pointcohealthcare.com\/?page_id=1569"},"modified":"2023-08-22T10:39:26","modified_gmt":"2023-08-22T07:39:26","slug":"general-terms-of-use","status":"publish","type":"page","link":"https:\/\/www.pointcohealthcare.com\/es\/general-terms-of-use\/","title":{"rendered":"Condiciones generales de uso"},"content":{"rendered":"<p><strong>Art\u00edculo 1 &#8211; Informaci\u00f3n obligatoria<\/strong><\/p>\n<p>POINTCO CAPITAL est\u00e1 compuesto por tres entidades POINTCO INVESTMENT, POINTCO ASSET MANAGEMENT y POINTCO HEALTHCARE.<\/p>\n<p>POINTCO CAPITAL ofrece oportunidades de inversi\u00f3n y apoyo a medida en la realizaci\u00f3n de transacciones inmobiliarias.<\/p>\n<p>POINTCO ASSET MANAGEMENT lleva a cabo proyectos de construcci\u00f3n en colaboraci\u00f3n con sus socios europeos y participa en transacciones como comerciante de mercanc\u00edas.<\/p>\n<p>POINTCO HEALTHCARE apoya a los operadores del sector sanitario en su desarrollo y les ofrece un servicio de b\u00fasqueda de financiaci\u00f3n, as\u00ed como oportunidades de adquisici\u00f3n externa (M&amp;A).<\/p>\n<p>Este sitio web <a href=\"http:\/\/www.pointcocapital.com\">http:\/\/www.pointcocapital.com<\/a> (en adelante, \u00abel Sitio\u00bb) es publicado por la sociedad unipersonal de responsabilidad limitada POINTCO CAPITAL (en adelante, \u00abPOINTCO CAPITAL\u00bb), con un capital de 100.000 \u20ac, cuyo domicilio social se encuentra en 10 rue de Penthi\u00e8vre, 75008, Par\u00eds, inscrita en el Registro Mercantil de Par\u00eds con el n\u00famero 539 807 677 (n\u00famero de IVA intracomunitario: FR89539807677).<\/p>\n<p>Para cualquier contacto:<br \/>\nCorreo electr\u00f3nico: <a href=\"mailto:contact@pointcocapital.fr\">contact@pointcocapital.fr<\/a><br \/>\nTel\u00e9fono : <a href=\"tel:+33%201%2076%2043%2034%2044\">(+33) 1 76 43 34 44<\/a><\/p>\n<p>&nbsp;<\/p>\n<p><strong>Art\u00edculo 2 &#8211; Disposiciones generales relativas a las presentes condiciones generales de uso (en adelante, \u00abTCG\u00bb)<\/strong><\/p>\n<p>El uso del Sitio implica la plena aceptaci\u00f3n por parte de los usuarios del Sitio (en adelante, \u00abel\/los Usuario(s)\u00bb) de las CGU que se describen a continuaci\u00f3n.<\/p>\n<p>POINTCO CAPITAL informa al U LETRA CHICA puede ser modificado, completado o actualizado en cualquier momento. Estos cambios se publican cuando se publican en l\u00ednea y se consideran aceptados sin reservas al acceder al Sitio despu\u00e9s de que se ponen en l\u00ednea. Se recomienda a los usuarios que consulten regularmente esta p\u00e1gina.<\/p>\n<p>&nbsp;<\/p>\n<p><strong>Art\u00edculo 3 &#8211; Disposiciones generales relativas al Sitio<\/strong><\/p>\n<p>El prop\u00f3sito del Sitio es proporcionar informaci\u00f3n sobre todos los servicios ofrecidos por POINTCO CAPITAL.<br \/>\nEl sitio es normalmente accesible para los usuarios en cualquier momento. Sin embargo, una interrupci\u00f3n debido al mantenimiento t\u00e9cnico puede ser decidida por POINTCO CAPITAL, que se esforzar\u00e1 por informar a los Usuarios con anticipaci\u00f3n de las fechas y horas de la intervenci\u00f3n.<br \/>\nEl contenido del Sitio es actualizado regularmente por POINTCO CAPITAL, que es libre de modificarlo en cualquier momento y sin previo aviso.<br \/>\nPOINTCO CAPITAL se esfuerza por proporcionar informaci\u00f3n en el sitio lo m\u00e1s precisa posible. Sin embargo, no se hace responsable de las omisiones, inexactitudes y deficiencias en la actualizaci\u00f3n, ya sea por s\u00ed mismo o por terceros socios que le proporcionen esta informaci\u00f3n.<br \/>\nToda la informaci\u00f3n indicada en el Sitio se da como una indicaci\u00f3n, y est\u00e1 sujeta a cambios. Adem\u00e1s, la informaci\u00f3n sobre el estado no es exhaustiva. Se dan sujetos a los cambios que se han realizado desde que se pusieron en l\u00ednea.<\/p>\n<p>&nbsp;<\/p>\n<p><strong>Art\u00edculo 4 &#8211; Propiedad intelectual<\/strong><\/p>\n<p>POINTCO CAPITAL posee los derechos de los nombres, marcas comerciales y logotipos de POINTCO CAPITAL, POINTCO INVESTMENT, POINTCO HEALTHCARE y POINTCO ASSET MANAGEMENT, as\u00ed como los nombres de dominio relacionados.<\/p>\n<p>El Sitio, en su conjunto, su estructura general, as\u00ed como el software, estructuras de \u00e1rbol, textos, im\u00e1genes, gr\u00e1ficos, fotograf\u00edas, ilustraciones, diagramas, logotipos, sonidos, animaciones y cualquier otro elemento que compone el Sitio son obras de la mente y creaciones protegidas por la ley de propiedad intelectual. Estos elementos son propiedad exclusiva de POINTCO CAPITAL, o se explotan regularmente bajo licencia y POINTCO CAPITAL es el \u00fanico autorizado a utilizar los derechos de propiedad intelectual relacionados con los mismos.<br \/>\nEl uso de todo o parte del Sitio, en particular mediante descarga, reproducci\u00f3n, transmisi\u00f3n, representaci\u00f3n o difusi\u00f3n para fines distintos del uso personal y privado con fines no comerciales est\u00e1 estrictamente prohibido. La violaci\u00f3n de estas disposiciones lo expone a las sanciones previstas tanto por el C\u00f3digo de Propiedad Intelectual como por el C\u00f3digo Penal en virtud de la infracci\u00f3n de la ley de derechos de autor y marcas registradas, as\u00ed como por el C\u00f3digo Civil en materia de responsabilidad civil.<br \/>\nLa creaci\u00f3n de enlaces de hipertexto al Sitio s\u00f3lo podr\u00e1 realizarse con la autorizaci\u00f3n previa y por escrito de POINTCO CAPITAL, la cual podr\u00e1 ser revocada en cualquier momento.<\/p>\n<p>&nbsp;<\/p>\n<p><strong>Art\u00edculo 5 &#8211; Datos personales<\/strong><\/p>\n<p>POINTCO CAPITAL implementa una Pol\u00edtica de Protecci\u00f3n de Datos Personales (\u00abDatos Personales\u00bb) puesta a disposici\u00f3n de los Usuarios en el Sitio (disponible aqu\u00ed).<\/p>\n<p>&nbsp;<\/p>\n<p><strong>Art\u00edculo 6 \u2013 Cookies<\/strong><\/p>\n<p>POINTCO CAPITAL puede utilizar cookies para facilitar la navegaci\u00f3n y el rendimiento de este Sitio, as\u00ed como para establecer estad\u00edsticas y vol\u00famenes de tr\u00e1fico a este Sitio.<\/p>\n<p>Una \u00abcookie\u00bb es un peque\u00f1o archivo (menos de 4 KB), almacenado por el Sitio en el disco duro del Usuario, que contiene informaci\u00f3n relacionada con los h\u00e1bitos de navegaci\u00f3n del Usuario.<\/p>\n<p>Estos archivos permiten procesar estad\u00edsticas e informaci\u00f3n de tr\u00e1fico, facilitar la navegaci\u00f3n y mejorar el servicio para la comodidad del Usuario.<\/p>\n<p>Para el uso de archivos \u00abcookie\u00bb que implican el almacenamiento y an\u00e1lisis de datos personales, se solicita necesariamente el consentimiento del Usuario.<\/p>\n<p>Este consentimiento del Usuario se considera v\u00e1lido por un per\u00edodo de 6 (seis) meses como m\u00e1ximo. Al final de este per\u00edodo, el sitio volver\u00e1 a solicitar la autorizaci\u00f3n del Usuario para guardar archivos \u00abcookie\u00bb en su disco duro.<\/p>\n<p>Las cookies que no son esenciales para el funcionamiento del sitio solo se colocan en el terminal del Usuario despu\u00e9s de obtener su consentimiento. El Usuario puede retirar su consentimiento en cualquier momento, de la siguiente manera:<\/p>\n<p>En general, se pone en conocimiento del Usuario que puede oponerse al registro de estos archivos \u00abcookie\u00bb configurando el software de su navegador. Para ello, puede ser \u00fatil consultar el men\u00fa \u00abAyuda\u00bb del navegador.<\/p>\n<p>En caso de que el Usuario decida desactivar los archivos \u00abcookie\u00bb, podr\u00e1 continuar navegando por el Sitio. Sin embargo, cualquier mal funcionamiento del Sitio causado por esta manipulaci\u00f3n no podr\u00eda considerarse como debido al editor del Sitio.<\/p>\n<p>Al navegar por el sitio, se informa al Usuario que se pueden guardar los archivos \u00abcookie\u00bb de terceros.<\/p>\n<p>Adem\u00e1s, el sitio integra botones de redes sociales, lo que permite al Usuario compartir su actividad en el Sitio. Por lo tanto, los archivos \u00abcookie\u00bb de estas redes sociales pueden almacenarse en el ordenador del Usuario cuando utiliza estas funciones.<\/p>\n<p>Se llama la atenci\u00f3n del Usuario sobre el hecho de que estos sitios tienen sus propias pol\u00edticas de privacidad y condiciones generales de uso que pueden diferir del Sitio. El editor del Sitio invita a los Usuarios a consultar las pol\u00edticas de privacidad y las condiciones generales de uso de estos Sitios.<\/p>\n<p>&nbsp;<\/p>\n<p><strong>Art\u00edculo 7 &#8211; Garant\u00edas y responsabilidad<\/strong><\/p>\n<p>POINTCO CAPITAL se esfuerza por garantizar que la informaci\u00f3n accesible a trav\u00e9s del Sitio sea precisa y est\u00e9 actualizada. Sin embargo, POINTCO CAPITAL no garantiza de ninguna manera que esta informaci\u00f3n sea exacta, completa y actualizada.<\/p>\n<p>POINTCO CAPITAL no ofrece ninguna garant\u00eda, expresa o impl\u00edcita, con respecto a todo o parte del Sitio. POINTCO CAPITAL tambi\u00e9n declina toda responsabilidad por el acceso y el contenido de los sitios vinculados al Sitio.<\/p>\n<p>Bajo ninguna circunstancia POINTCO CAPITAL puede ser considerado responsable de ning\u00fan da\u00f1o directo o indirecto, cualquiera que sea la causa, origen, naturaleza y consecuencia, resultante de la consulta o uso del Sitio.<\/p>\n<p>El usuario del sitio se compromete a acceder al Site utilizando equipos recientes, que no contengan virus y con un navegador de \u00faltima generaci\u00f3n actualizado.<\/p>\n<p>POINTCO CAPITAL no se hace responsable de ning\u00fan da\u00f1o directo o indirecto causado al equipo del Usuario al acceder al Sitio.<\/p>\n<p>POINTCO CAPITAL tampoco se hace responsable de los da\u00f1os indirectos (como, por ejemplo, una p\u00e9rdida de mercado o p\u00e9rdida de oportunidades) que resulten del uso del Sitio.<\/p>\n<p>POINTCO CAPITAL no controla los riesgos asociados al funcionamiento de Internet y llama la atenci\u00f3n de los Usuariossobre la existencia de posibles riesgos en materia de confidencialidad de los datos que pasan por la red.<\/p>\n<p>Todos los sitios con un enlace de hipertexto al Sitio no est\u00e1n bajo el control de POINTCO CAPITAL , que por lo tanto declina toda responsabilidad (incluida la editorial) con respecto al acceso y contenido de estos sitios.<\/p>\n<p>&nbsp;<\/p>\n<p><strong>Art\u00edculo 8 &#8211; Ley aplicable y jurisdicci\u00f3n<\/strong><\/p>\n<p>Estos LETRA CHICA se elaboran de conformidad con la legislaci\u00f3n francesa vigente y est\u00e1n sujetos a la Derecho franc\u00e9s.<\/p>\n<p>El Tribunal Judicial de Par\u00eds es territorialmente competente para conocer de cualquier disputa relacionada con el uso del Sitio.<\/p>\n<p>&nbsp;<\/p>","protected":false},"excerpt":{"rendered":"<p>Art\u00edculo 1 &#8211; Informaci\u00f3n obligatoria POINTCO CAPITAL est\u00e1 compuesto por tres entidades POINTCO INVESTMENT, POINTCO ASSET MANAGEMENT y POINTCO HEALTHCARE. POINTCO CAPITAL ofrece oportunidades de inversi\u00f3n y apoyo a medida en la realizaci\u00f3n de transacciones inmobiliarias. POINTCO ASSET MANAGEMENT lleva a cabo proyectos de construcci\u00f3n en colaboraci\u00f3n con sus socios europeos y participa en transacciones [&hellip;]<\/p>\n","protected":false},"author":3,"featured_media":0,"parent":0,"menu_order":1,"comment_status":"closed","ping_status":"closed","template":"","meta":{"inline_featured_image":false,"footnotes":""},"class_list":["post-1569","page","type-page","status-publish","hentry"],"acf":[],"yoast_head":"<!-- This site is optimized with the Yoast SEO plugin v26.6 - https:\/\/yoast.com\/wordpress\/plugins\/seo\/ -->\n<title>Condiciones generales de uso - Pointco Healthcare<\/title>\n<meta name=\"robots\" content=\"index, follow, max-snippet:-1, max-image-preview:large, max-video-preview:-1\" \/>\n<link rel=\"canonical\" href=\"https:\/\/www.pointcohealthcare.com\/es\/general-terms-of-use\/\" \/>\n<meta property=\"og:locale\" content=\"es_ES\" \/>\n<meta property=\"og:type\" content=\"article\" \/>\n<meta property=\"og:title\" content=\"Condiciones generales de uso - Pointco Healthcare\" \/>\n<meta property=\"og:description\" content=\"Art\u00edculo 1 &#8211; Informaci\u00f3n obligatoria POINTCO CAPITAL est\u00e1 compuesto por tres entidades POINTCO INVESTMENT, POINTCO ASSET MANAGEMENT y POINTCO HEALTHCARE. POINTCO CAPITAL ofrece oportunidades de inversi\u00f3n y apoyo a medida en la realizaci\u00f3n de transacciones inmobiliarias. POINTCO ASSET MANAGEMENT lleva a cabo proyectos de construcci\u00f3n en colaboraci\u00f3n con sus socios europeos y participa en transacciones [&hellip;]\" \/>\n<meta property=\"og:url\" content=\"https:\/\/www.pointcohealthcare.com\/es\/general-terms-of-use\/\" \/>\n<meta property=\"og:site_name\" content=\"Pointco Healthcare\" \/>\n<meta property=\"article:modified_time\" content=\"2023-08-22T07:39:26+00:00\" \/>\n<meta name=\"twitter:card\" content=\"summary_large_image\" \/>\n<meta name=\"twitter:label1\" content=\"Tiempo de lectura\" \/>\n\t<meta name=\"twitter:data1\" content=\"6 minutos\" \/>\n<script type=\"application\/ld+json\" class=\"yoast-schema-graph\">{\"@context\":\"https:\/\/schema.org\",\"@graph\":[{\"@type\":\"WebPage\",\"@id\":\"https:\/\/www.pointcohealthcare.com\/es\/general-terms-of-use\/\",\"url\":\"https:\/\/www.pointcohealthcare.com\/es\/general-terms-of-use\/\",\"name\":\"Condiciones generales de uso - Pointco Healthcare\",\"isPartOf\":{\"@id\":\"https:\/\/www.pointcohealthcare.com\/es\/#website\"},\"datePublished\":\"2023-01-23T09:27:37+00:00\",\"dateModified\":\"2023-08-22T07:39:26+00:00\",\"breadcrumb\":{\"@id\":\"https:\/\/www.pointcohealthcare.com\/es\/general-terms-of-use\/#breadcrumb\"},\"inLanguage\":\"es\",\"potentialAction\":[{\"@type\":\"ReadAction\",\"target\":[[\"https:\/\/www.pointcohealthcare.com\/es\/general-terms-of-use\/\"]]}]},{\"@type\":\"BreadcrumbList\",\"@id\":\"https:\/\/www.pointcohealthcare.com\/es\/general-terms-of-use\/#breadcrumb\",\"itemListElement\":[{\"@type\":\"ListItem\",\"position\":1,\"name\":\"Home\",\"item\":\"https:\/\/www.pointcohealthcare.com\/es\/\"},{\"@type\":\"ListItem\",\"position\":2,\"name\":\"General Terms of Use\"}]},{\"@type\":\"WebSite\",\"@id\":\"https:\/\/www.pointcohealthcare.com\/es\/#website\",\"url\":\"https:\/\/www.pointcohealthcare.com\/es\/\",\"name\":\"Pointco Healthcare\",\"description\":\"\",\"publisher\":{\"@id\":\"https:\/\/www.pointcohealthcare.com\/es\/#organization\"},\"potentialAction\":[{\"@type\":\"SearchAction\",\"target\":{\"@type\":\"EntryPoint\",\"urlTemplate\":\"https:\/\/www.pointcohealthcare.com\/es\/?s={search_term_string}\"},\"query-input\":{\"@type\":\"PropertyValueSpecification\",\"valueRequired\":true,\"valueName\":\"search_term_string\"}}],\"inLanguage\":\"es\"},{\"@type\":\"Organization\",\"@id\":\"https:\/\/www.pointcohealthcare.com\/es\/#organization\",\"name\":\"Pointco Healthcare\",\"url\":\"https:\/\/www.pointcohealthcare.com\/es\/\",\"logo\":{\"@type\":\"ImageObject\",\"inLanguage\":\"es\",\"@id\":\"https:\/\/www.pointcohealthcare.com\/es\/#\/schema\/logo\/image\/\",\"url\":\"https:\/\/www.pointcohealthcare.com\/wp-content\/uploads\/sites\/3\/2022\/03\/logo-health.svg\",\"contentUrl\":\"https:\/\/www.pointcohealthcare.com\/wp-content\/uploads\/sites\/3\/2022\/03\/logo-health.svg\",\"width\":200,\"height\":125,\"caption\":\"Pointco Healthcare\"},\"image\":{\"@id\":\"https:\/\/www.pointcohealthcare.com\/es\/#\/schema\/logo\/image\/\"}}]}<\/script>\n<!-- \/ Yoast SEO plugin. -->","yoast_head_json":{"title":"Condiciones generales de uso - Pointco Healthcare","robots":{"index":"index","follow":"follow","max-snippet":"max-snippet:-1","max-image-preview":"max-image-preview:large","max-video-preview":"max-video-preview:-1"},"canonical":"https:\/\/www.pointcohealthcare.com\/es\/general-terms-of-use\/","og_locale":"es_ES","og_type":"article","og_title":"Condiciones generales de uso - Pointco Healthcare","og_description":"Art\u00edculo 1 &#8211; Informaci\u00f3n obligatoria POINTCO CAPITAL est\u00e1 compuesto por tres entidades POINTCO INVESTMENT, POINTCO ASSET MANAGEMENT y POINTCO HEALTHCARE. POINTCO CAPITAL ofrece oportunidades de inversi\u00f3n y apoyo a medida en la realizaci\u00f3n de transacciones inmobiliarias. POINTCO ASSET MANAGEMENT lleva a cabo proyectos de construcci\u00f3n en colaboraci\u00f3n con sus socios europeos y participa en transacciones [&hellip;]","og_url":"https:\/\/www.pointcohealthcare.com\/es\/general-terms-of-use\/","og_site_name":"Pointco Healthcare","article_modified_time":"2023-08-22T07:39:26+00:00","twitter_card":"summary_large_image","twitter_misc":{"Tiempo de lectura":"6 minutos"},"schema":{"@context":"https:\/\/schema.org","@graph":[{"@type":"WebPage","@id":"https:\/\/www.pointcohealthcare.com\/es\/general-terms-of-use\/","url":"https:\/\/www.pointcohealthcare.com\/es\/general-terms-of-use\/","name":"Condiciones generales de uso - Pointco Healthcare","isPartOf":{"@id":"https:\/\/www.pointcohealthcare.com\/es\/#website"},"datePublished":"2023-01-23T09:27:37+00:00","dateModified":"2023-08-22T07:39:26+00:00","breadcrumb":{"@id":"https:\/\/www.pointcohealthcare.com\/es\/general-terms-of-use\/#breadcrumb"},"inLanguage":"es","potentialAction":[{"@type":"ReadAction","target":[["https:\/\/www.pointcohealthcare.com\/es\/general-terms-of-use\/"]]}]},{"@type":"BreadcrumbList","@id":"https:\/\/www.pointcohealthcare.com\/es\/general-terms-of-use\/#breadcrumb","itemListElement":[{"@type":"ListItem","position":1,"name":"Home","item":"https:\/\/www.pointcohealthcare.com\/es\/"},{"@type":"ListItem","position":2,"name":"General Terms of Use"}]},{"@type":"WebSite","@id":"https:\/\/www.pointcohealthcare.com\/es\/#website","url":"https:\/\/www.pointcohealthcare.com\/es\/","name":"Pointco Healthcare","description":"","publisher":{"@id":"https:\/\/www.pointcohealthcare.com\/es\/#organization"},"potentialAction":[{"@type":"SearchAction","target":{"@type":"EntryPoint","urlTemplate":"https:\/\/www.pointcohealthcare.com\/es\/?s={search_term_string}"},"query-input":{"@type":"PropertyValueSpecification","valueRequired":true,"valueName":"search_term_string"}}],"inLanguage":"es"},{"@type":"Organization","@id":"https:\/\/www.pointcohealthcare.com\/es\/#organization","name":"Pointco Healthcare","url":"https:\/\/www.pointcohealthcare.com\/es\/","logo":{"@type":"ImageObject","inLanguage":"es","@id":"https:\/\/www.pointcohealthcare.com\/es\/#\/schema\/logo\/image\/","url":"https:\/\/www.pointcohealthcare.com\/wp-content\/uploads\/sites\/3\/2022\/03\/logo-health.svg","contentUrl":"https:\/\/www.pointcohealthcare.com\/wp-content\/uploads\/sites\/3\/2022\/03\/logo-health.svg","width":200,"height":125,"caption":"Pointco Healthcare"},"image":{"@id":"https:\/\/www.pointcohealthcare.com\/es\/#\/schema\/logo\/image\/"}}]}},"_links":{"self":[{"href":"https:\/\/www.pointcohealthcare.com\/es\/wp-json\/wp\/v2\/pages\/1569","targetHints":{"allow":["GET"]}}],"collection":[{"href":"https:\/\/www.pointcohealthcare.com\/es\/wp-json\/wp\/v2\/pages"}],"about":[{"href":"https:\/\/www.pointcohealthcare.com\/es\/wp-json\/wp\/v2\/types\/page"}],"author":[{"embeddable":true,"href":"https:\/\/www.pointcohealthcare.com\/es\/wp-json\/wp\/v2\/users\/3"}],"replies":[{"embeddable":true,"href":"https:\/\/www.pointcohealthcare.com\/es\/wp-json\/wp\/v2\/comments?post=1569"}],"version-history":[{"count":19,"href":"https:\/\/www.pointcohealthcare.com\/es\/wp-json\/wp\/v2\/pages\/1569\/revisions"}],"predecessor-version":[{"id":1646,"href":"https:\/\/www.pointcohealthcare.com\/es\/wp-json\/wp\/v2\/pages\/1569\/revisions\/1646"}],"wp:attachment":[{"href":"https:\/\/www.pointcohealthcare.com\/es\/wp-json\/wp\/v2\/media?parent=1569"}],"curies":[{"name":"wp","href":"https:\/\/api.w.org\/{rel}","templated":true}]}}