{"id":3,"date":"2022-03-24T20:03:30","date_gmt":"2022-03-24T18:03:30","guid":{"rendered":"https:\/\/www.pointcohealthcare.com\/?page_id=3"},"modified":"2023-08-22T11:56:22","modified_gmt":"2023-08-22T08:56:22","slug":"privacy-policy","status":"publish","type":"page","link":"https:\/\/www.pointcohealthcare.com\/pt\/privacy-policy\/","title":{"rendered":"Aviso legal"},"content":{"rendered":"<p>Este site <a href=\"https:\/\/www.pointcocapital.com\">https:\/\/www.pointcocapital.com<\/a> (doravante designado por &#8220;Site&#8221;) \u00e9 publicado pela PointCo Capital.<\/p>\r\n<p><strong>Sede:<\/strong> 10 rue de Penthi\u00e8vre, 75008, Paris<br \/>SAS de um membro \u00fanico com um capital de \u20ac100.000 registado no RCS de Paris sob o n\u00famero 539 807 677<br \/>N\u00famero do IVA intracomunit\u00e1rio: FR89539807677<br \/><strong>Telefone :<\/strong> <a href=\"tel:+33176433444\">(+33) 1 76 43 34 44<\/a><br \/><strong>Correio:<\/strong> <a href=\"mailto:contact@pointcocapital.fr\">contact@pointcocapital.fr<\/a><br \/><strong>Diretor de publica\u00e7\u00e3o:<\/strong> J\u00e9r\u00f4me Cornille, CEO PointCo Capital<br \/><br \/><\/p>\r\n<p>&nbsp;<\/p>\r\n<p><strong>O alojamento web do site<\/strong> \u00e9 fornecido pela empresa OVH<br \/>SAS capital de 10 174 560 \u20ac<br \/>RCS Lille M\u00e9tropole 424 761 419 00045<br \/>Sede : 2 rue Kellermann &#8211; 59100 Roubaix &#8211; France<\/p>\r\n<p>A POINTCO CAPITAL exerce, em particular atividades de agente imobili\u00e1rio regulada pela Lei n.\u00ba 70-9 de 2 de Janeiro de 1970 e pelo seu decreto de execu\u00e7\u00e3o n.\u00ba 72-678, de 20 de Julho de 1972.<br \/>A POINTCO CAPITAL est\u00e1 registada no RegistoCcomercial e de Empresas de Paris.<br \/>N\u00famero do cart\u00e3o profissional: CPI 7501 2021 000 000 614<br \/>CCI para a emiss\u00e3o do cart\u00e3o profissional: CCI Paris Ile-de-France<\/p>\r\n<p>&nbsp;<\/p>\r\n<p><strong>Cr\u00e9ditos<\/strong><br \/>2022 &#8211; POINTCO CAPITAL \u2013 TODOS OS DIREITOS RESERVADOS<br \/>Fotos de Cyril Abad &amp; Mathias Zwick (de Inland Stories)<br \/>Conte\u00fados de comunica\u00e7\u00e3o do PointCo Capital assinados pelo<br \/>PointCo Capital Communication &amp; Arttractiv<br \/>Desenvolvido pela Arttractiv<\/p>\r\n<p>&nbsp;<\/p>","protected":false},"excerpt":{"rendered":"<p>Este site https:\/\/www.pointcocapital.com (doravante designado por &#8220;Site&#8221;) \u00e9 publicado pela PointCo Capital. Sede: 10 rue de Penthi\u00e8vre, 75008, ParisSAS de um membro \u00fanico com um capital de \u20ac100.000 registado no RCS de Paris sob o n\u00famero 539 807 677N\u00famero do IVA intracomunit\u00e1rio: FR89539807677Telefone : (+33) 1 76 43 34 44Correio: contact@pointcocapital.frDiretor de publica\u00e7\u00e3o: J\u00e9r\u00f4me Cornille, [&hellip;]<\/p>\n","protected":false},"author":6,"featured_media":0,"parent":0,"menu_order":3,"comment_status":"closed","ping_status":"open","template":"","meta":{"inline_featured_image":false,"footnotes":""},"class_list":["post-3","page","type-page","status-publish","hentry"],"acf":[],"yoast_head":"<!-- This site is optimized with the Yoast SEO plugin v26.6 - https:\/\/yoast.com\/wordpress\/plugins\/seo\/ -->\n<title>Aviso legal - Pointco Healthcare<\/title>\n<meta name=\"robots\" content=\"index, follow, max-snippet:-1, max-image-preview:large, max-video-preview:-1\" \/>\n<link rel=\"canonical\" href=\"https:\/\/www.pointcohealthcare.com\/pt\/privacy-policy\/\" \/>\n<meta property=\"og:locale\" content=\"pt_PT\" \/>\n<meta property=\"og:type\" content=\"article\" \/>\n<meta property=\"og:title\" content=\"Aviso legal - Pointco Healthcare\" \/>\n<meta property=\"og:description\" content=\"Este site https:\/\/www.pointcocapital.com (doravante designado por &#8220;Site&#8221;) \u00e9 publicado pela PointCo Capital. Sede: 10 rue de Penthi\u00e8vre, 75008, ParisSAS de um membro \u00fanico com um capital de \u20ac100.000 registado no RCS de Paris sob o n\u00famero 539 807 677N\u00famero do IVA intracomunit\u00e1rio: FR89539807677Telefone : (+33) 1 76 43 34 44Correio: contact@pointcocapital.frDiretor de publica\u00e7\u00e3o: J\u00e9r\u00f4me Cornille, [&hellip;]\" \/>\n<meta property=\"og:url\" content=\"https:\/\/www.pointcohealthcare.com\/pt\/privacy-policy\/\" \/>\n<meta property=\"og:site_name\" content=\"Pointco Healthcare\" \/>\n<meta property=\"article:modified_time\" content=\"2023-08-22T08:56:22+00:00\" \/>\n<meta name=\"twitter:card\" content=\"summary_large_image\" \/>\n<meta name=\"twitter:label1\" content=\"Tempo estimado de leitura\" \/>\n\t<meta name=\"twitter:data1\" content=\"1 minuto\" \/>\n<script type=\"application\/ld+json\" class=\"yoast-schema-graph\">{\"@context\":\"https:\/\/schema.org\",\"@graph\":[{\"@type\":\"WebPage\",\"@id\":\"https:\/\/www.pointcohealthcare.com\/pt\/privacy-policy\/\",\"url\":\"https:\/\/www.pointcohealthcare.com\/pt\/privacy-policy\/\",\"name\":\"Aviso legal - Pointco Healthcare\",\"isPartOf\":{\"@id\":\"https:\/\/www.pointcohealthcare.com\/pt\/#website\"},\"datePublished\":\"2022-03-24T18:03:30+00:00\",\"dateModified\":\"2023-08-22T08:56:22+00:00\",\"breadcrumb\":{\"@id\":\"https:\/\/www.pointcohealthcare.com\/pt\/privacy-policy\/#breadcrumb\"},\"inLanguage\":\"pt-PT\",\"potentialAction\":[{\"@type\":\"ReadAction\",\"target\":[[\"https:\/\/www.pointcohealthcare.com\/pt\/privacy-policy\/\"]]}]},{\"@type\":\"BreadcrumbList\",\"@id\":\"https:\/\/www.pointcohealthcare.com\/pt\/privacy-policy\/#breadcrumb\",\"itemListElement\":[{\"@type\":\"ListItem\",\"position\":1,\"name\":\"Home\",\"item\":\"https:\/\/www.pointcohealthcare.com\/pt\/\"},{\"@type\":\"ListItem\",\"position\":2,\"name\":\"Legal notices\"}]},{\"@type\":\"WebSite\",\"@id\":\"https:\/\/www.pointcohealthcare.com\/pt\/#website\",\"url\":\"https:\/\/www.pointcohealthcare.com\/pt\/\",\"name\":\"Pointco Healthcare\",\"description\":\"\",\"publisher\":{\"@id\":\"https:\/\/www.pointcohealthcare.com\/pt\/#organization\"},\"potentialAction\":[{\"@type\":\"SearchAction\",\"target\":{\"@type\":\"EntryPoint\",\"urlTemplate\":\"https:\/\/www.pointcohealthcare.com\/pt\/?s={search_term_string}\"},\"query-input\":{\"@type\":\"PropertyValueSpecification\",\"valueRequired\":true,\"valueName\":\"search_term_string\"}}],\"inLanguage\":\"pt-PT\"},{\"@type\":\"Organization\",\"@id\":\"https:\/\/www.pointcohealthcare.com\/pt\/#organization\",\"name\":\"Pointco Healthcare\",\"url\":\"https:\/\/www.pointcohealthcare.com\/pt\/\",\"logo\":{\"@type\":\"ImageObject\",\"inLanguage\":\"pt-PT\",\"@id\":\"https:\/\/www.pointcohealthcare.com\/pt\/#\/schema\/logo\/image\/\",\"url\":\"https:\/\/www.pointcohealthcare.com\/wp-content\/uploads\/sites\/3\/2022\/03\/logo-health.svg\",\"contentUrl\":\"https:\/\/www.pointcohealthcare.com\/wp-content\/uploads\/sites\/3\/2022\/03\/logo-health.svg\",\"width\":200,\"height\":125,\"caption\":\"Pointco Healthcare\"},\"image\":{\"@id\":\"https:\/\/www.pointcohealthcare.com\/pt\/#\/schema\/logo\/image\/\"}}]}<\/script>\n<!-- \/ Yoast SEO plugin. -->","yoast_head_json":{"title":"Aviso legal - Pointco Healthcare","robots":{"index":"index","follow":"follow","max-snippet":"max-snippet:-1","max-image-preview":"max-image-preview:large","max-video-preview":"max-video-preview:-1"},"canonical":"https:\/\/www.pointcohealthcare.com\/pt\/privacy-policy\/","og_locale":"pt_PT","og_type":"article","og_title":"Aviso legal - Pointco Healthcare","og_description":"Este site https:\/\/www.pointcocapital.com (doravante designado por &#8220;Site&#8221;) \u00e9 publicado pela PointCo Capital. Sede: 10 rue de Penthi\u00e8vre, 75008, ParisSAS de um membro \u00fanico com um capital de \u20ac100.000 registado no RCS de Paris sob o n\u00famero 539 807 677N\u00famero do IVA intracomunit\u00e1rio: FR89539807677Telefone : (+33) 1 76 43 34 44Correio: contact@pointcocapital.frDiretor de publica\u00e7\u00e3o: J\u00e9r\u00f4me Cornille, [&hellip;]","og_url":"https:\/\/www.pointcohealthcare.com\/pt\/privacy-policy\/","og_site_name":"Pointco Healthcare","article_modified_time":"2023-08-22T08:56:22+00:00","twitter_card":"summary_large_image","twitter_misc":{"Tempo estimado de leitura":"1 minuto"},"schema":{"@context":"https:\/\/schema.org","@graph":[{"@type":"WebPage","@id":"https:\/\/www.pointcohealthcare.com\/pt\/privacy-policy\/","url":"https:\/\/www.pointcohealthcare.com\/pt\/privacy-policy\/","name":"Aviso legal - Pointco Healthcare","isPartOf":{"@id":"https:\/\/www.pointcohealthcare.com\/pt\/#website"},"datePublished":"2022-03-24T18:03:30+00:00","dateModified":"2023-08-22T08:56:22+00:00","breadcrumb":{"@id":"https:\/\/www.pointcohealthcare.com\/pt\/privacy-policy\/#breadcrumb"},"inLanguage":"pt-PT","potentialAction":[{"@type":"ReadAction","target":[["https:\/\/www.pointcohealthcare.com\/pt\/privacy-policy\/"]]}]},{"@type":"BreadcrumbList","@id":"https:\/\/www.pointcohealthcare.com\/pt\/privacy-policy\/#breadcrumb","itemListElement":[{"@type":"ListItem","position":1,"name":"Home","item":"https:\/\/www.pointcohealthcare.com\/pt\/"},{"@type":"ListItem","position":2,"name":"Legal notices"}]},{"@type":"WebSite","@id":"https:\/\/www.pointcohealthcare.com\/pt\/#website","url":"https:\/\/www.pointcohealthcare.com\/pt\/","name":"Pointco Healthcare","description":"","publisher":{"@id":"https:\/\/www.pointcohealthcare.com\/pt\/#organization"},"potentialAction":[{"@type":"SearchAction","target":{"@type":"EntryPoint","urlTemplate":"https:\/\/www.pointcohealthcare.com\/pt\/?s={search_term_string}"},"query-input":{"@type":"PropertyValueSpecification","valueRequired":true,"valueName":"search_term_string"}}],"inLanguage":"pt-PT"},{"@type":"Organization","@id":"https:\/\/www.pointcohealthcare.com\/pt\/#organization","name":"Pointco Healthcare","url":"https:\/\/www.pointcohealthcare.com\/pt\/","logo":{"@type":"ImageObject","inLanguage":"pt-PT","@id":"https:\/\/www.pointcohealthcare.com\/pt\/#\/schema\/logo\/image\/","url":"https:\/\/www.pointcohealthcare.com\/wp-content\/uploads\/sites\/3\/2022\/03\/logo-health.svg","contentUrl":"https:\/\/www.pointcohealthcare.com\/wp-content\/uploads\/sites\/3\/2022\/03\/logo-health.svg","width":200,"height":125,"caption":"Pointco Healthcare"},"image":{"@id":"https:\/\/www.pointcohealthcare.com\/pt\/#\/schema\/logo\/image\/"}}]}},"_links":{"self":[{"href":"https:\/\/www.pointcohealthcare.com\/pt\/wp-json\/wp\/v2\/pages\/3","targetHints":{"allow":["GET"]}}],"collection":[{"href":"https:\/\/www.pointcohealthcare.com\/pt\/wp-json\/wp\/v2\/pages"}],"about":[{"href":"https:\/\/www.pointcohealthcare.com\/pt\/wp-json\/wp\/v2\/types\/page"}],"author":[{"embeddable":true,"href":"https:\/\/www.pointcohealthcare.com\/pt\/wp-json\/wp\/v2\/users\/6"}],"replies":[{"embeddable":true,"href":"https:\/\/www.pointcohealthcare.com\/pt\/wp-json\/wp\/v2\/comments?post=3"}],"version-history":[{"count":21,"href":"https:\/\/www.pointcohealthcare.com\/pt\/wp-json\/wp\/v2\/pages\/3\/revisions"}],"predecessor-version":[{"id":1649,"href":"https:\/\/www.pointcohealthcare.com\/pt\/wp-json\/wp\/v2\/pages\/3\/revisions\/1649"}],"wp:attachment":[{"href":"https:\/\/www.pointcohealthcare.com\/pt\/wp-json\/wp\/v2\/media?parent=3"}],"curies":[{"name":"wp","href":"https:\/\/api.w.org\/{rel}","templated":true}]}}